{"id":88,"date":"2025-07-16T16:40:55","date_gmt":"2025-07-16T16:40:55","guid":{"rendered":"https:\/\/www.skocznamiasto.pl\/?page_id=88"},"modified":"2025-07-16T16:40:55","modified_gmt":"2025-07-16T16:40:55","slug":"rozmowa-z-romanem-zurkiem-zalozycielem-kabaretu-neonowka","status":"publish","type":"page","link":"https:\/\/www.skocznamiasto.pl\/index.php\/rozmowa-z-romanem-zurkiem-zalozycielem-kabaretu-neonowka\/","title":{"rendered":"Rozmowa z Romanem \u017burkiem &#8211; za\u0142o\u017cycielem kabaretu Neon\u00f3wka"},"content":{"rendered":"\n<p><strong>Micha\u0142 Stosik: \u015aledz\u0119 od kilkunastu lat Pana dzia\u0142alno\u015b\u0107 z kabaretem Neo-N\u00f3wka i zawsze mnie fascynuj\u0105 poruszane przez Was tematy. Chcia\u0142bym&nbsp;zapyta\u0107 o skecz \u201eWigilia polska\u201d, dlaczego Pana zdaniem jego pierwsza forma w 2018 roku przesz\u0142a bez wielkiego echa medialnego, za\u015b druga ods\u0142ona \u2013 w 2022 roku \u2013 wywo\u0142a\u0142a wielkie poruszenie, by\u0142a wr\u0119cz w wielu kr\u0119gach spo\u0142ecznych bardzo kontrowersyjna?&nbsp;<\/strong><\/p>\n\n\n\n<p>Roman \u017burek: To zale\u017cy, jak kto \u015bledzi dzia\u0142alno\u015b\u0107 Neo-N\u00f3wki, bo wydaje mi si\u0119 \u017ce w 2018 roku \u201eWigilia\u201d te\u017c by\u0142a bardzo mocno odbierana, zrobi\u0142a w mi\u0119dzyczasie 20 milion\u00f3w ods\u0142on, wi\u0119c nie by\u0142 skecz, kt\u00f3ry przeszed\u0142 bez echa. Podejrzewam, \u017ce my, Polacy, byli\u015bmy w innym punkcie \u015bwiadomo\u015bci spo\u0142ecznej, czyli tak nie do ko\u0144ca zdawali\u015bmy sobie spraw\u0119 z czym mamy do czynienia.&nbsp;<\/p>\n\n\n\n<p>W 2018 roku te podzia\u0142y nie by\u0142y jeszcze tak bardzo wyczuwalne, to nie skecz si\u0119 zmieni\u0142, tylko my dojrzeli\u015bmy jako spo\u0142ecze\u0144stwo do tego, \u017ceby zobaczy\u0107 te podzia\u0142y mi\u0119dzy nami oraz \u017ce te wigilie tak wygl\u0105daj\u0105 i rzeczywi\u015bcie s\u0105 ju\u017c mocno napi\u0119te. Dlatego, ten skecz, kt\u00f3ry pokazali\u015bmy jeszcze raz, wywo\u0142a\u0142 takie wielkie poruszenie. Oczywi\u015bcie, dosz\u0142y nowe w\u0105tki, o ile wersja z 2018 roku by\u0142a bardziej stonowana, to ta wsp\u00f3\u0142czesna by\u0142a ju\u017c chyba bardziej po kraw\u0119dzi. Niestety, w drugiej wersji u\u017cyli\u015bmy ju\u017c przekle\u0144stw i poszli\u015bmy dalej z tymi emocjami, kt\u00f3re nami targaj\u0105, bo niekt\u00f3rych rzeczy nie mo\u017cna by\u0142o d\u0142u\u017cej dusi\u0107 w sobie i chyba ka\u017cdy zobaczy\u0142 odbicie swojej rodziny. Zaobserwowali\u015bmy, \u017ce istnieje du\u017ca polaryzacja, i ta wojna plemienna wesz\u0142a ju\u017c na taki level, \u017ce musieli\u015bmy co\u015b z ni\u0105 zrobi\u0107. St\u0105d ten skecz odbi\u0142 si\u0119 tak du\u017cym echem. Poza tym, by\u0142 to te\u017c okres wakacyjny, wi\u0119c ludzie troch\u0119 inaczej do tego podchodzili i nagle takie mocne przes\u0142anie, gdzie\u015b wywo\u0142a\u0142o jak\u0105\u015b dyskusj\u0119 spo\u0142eczn\u0105. Ten ferment zacz\u0105\u0142 narasta\u0107 i ostatecznie wszystko potoczy\u0142o si\u0119 w taki, a nie inny spos\u00f3b.&nbsp;<\/p>\n\n\n\n<p>Teraz mamy inn\u0105 sytuacj\u0119, gramy ten skecz po wyborach i musz\u0119 przyzna\u0107, jest ciekawie, bo sytuacja si\u0119 lekko odwr\u00f3ci\u0142a i te\u017c s\u0105 fajne wymiany, wi\u0119c to jest taki skecz, kt\u00f3ry b\u0119dzie m\u00f3g\u0142 sobie spokojnie istnie\u0107 bardzo d\u0142ugo, poniewa\u017c my go mocno ewoluujemy, wymieniamy ten \u015brodek, a on jest ca\u0142y czas naszym spo\u0142ecznym lustrem.&nbsp;<\/p>\n\n\n\n<p><strong>MS: Nawi\u0105zuj\u0105c do skeczy, kt\u00f3re d\u0142ugo istniej\u0105, jednym z nich jest \u201eNiebo\u201d. Pami\u0119tam jak si\u0119 z nim zetkn\u0105\u0142em i to by\u0142 pierwszy skecz, kt\u00f3ry mnie prawdziwie zafascynowa\u0142. Mo\u017cna tu by\u0142o zaobserwowa\u0107, \u017ce w nim musieli\u015bcie odnie\u015b\u0107 si\u0119 do naszych najwi\u0119kszych przywar narodowych, ogl\u0105daj\u0105c go trzeba mie\u0107 pot\u0119\u017cny dystans do siebie.<br>W taki spos\u00f3b uczycie nas dystansu do siebie, a przecie\u017c wiemy, \u017ce niekt\u00f3rzy maj\u0105 z tym bardzo du\u017cy problem..&nbsp;<\/strong><\/p>\n\n\n\n<p>R\u017b: To nie niekt\u00f3rzy, ale generalnie Polacy maj\u0105 z tym problem i wida\u0107 to zar\u00f3wno w kabarecie jak i teraz w mojej drugiej dzia\u0142alno\u015bci, kt\u00f3r\u0105 zacz\u0105\u0142em niedawno prowadzi\u0107 \u2013 w standapie. Nagrywamy ten wywiad przy okazji mojego wyst\u0119pu w gda\u0144skim Klubie Technika NOT. G\u0142\u00f3wnym przes\u0142aniem tego standapu jest z\u0142apanie dystansu do samych siebie, bo go nie mamy. Chc\u0119 przekaza\u0107 ludziom, aby nauczyli si\u0119 \u015bmia\u0107 z samych siebie, \u017ceby nie spinali si\u0119 tak, nie hejtowali, \u017ceby tak nie odreagowywali swoich frustracji i pokazuj\u0119 im sw\u00f3j program, po czym zaraz po nim dostaj\u0119 tak\u0105 zwrotk\u0119, \u017ce pani mi pisze, \u017ce ten program jest \u017ca\u0142osny, bo \u015bmiej\u0119 si\u0119 w nim z kobiet i os\u00f3b grubych. Czyli totalnie nie zosta\u0142a z\u0142apana konwencja i w dalszym ci\u0105gu wychodz\u0105c z takiego programu, kto\u015b jeszcze ma z tym problem. W USA, w Anglii ludzie si\u0119 \u015bmiej\u0105&nbsp;z siebie, potrafi\u0105 mie\u0107 dystans i potrafi\u0105 przyj\u0105\u0107 to z jak\u0105\u015b refleksj\u0105, a u nas \u2013 nie. Zataczamy ko\u0142o i mamy coraz w\u0119\u017csze spojrzenie na to, z czego mo\u017cemy si\u0119 \u015bmia\u0107, a z czego nie. Ludzi mo\u017cna coraz szybciej urazi\u0107. Nie wolno si\u0119 \u015bmia\u0107 z kobiet, z gej\u00f3w, z komunist\u00f3w, za chwil\u0119 nie b\u0119dzie mo\u017cna si\u0119 \u015bmia\u0107 z katolik\u00f3w. To jest chore, wi\u0119c my staramy si\u0119 pokazywa\u0107, \u017ce mo\u017cna si\u0119 \u015bmia\u0107 ze wszystkich. Ale trzeba si\u0119 z tym humorem zetkn\u0105\u0107 i go zrozumie\u0107, a nie od razu czu\u0107 si\u0119 ura\u017conym.&nbsp;<\/p>\n\n\n\n<p>Bardzo cz\u0119sto \u201eWigilia\u201d by\u0142a odbierana przez dwie r\u00f3\u017cne opcje polityczne, jako atak na nich, a to nie mia\u0142 by\u0107 atak, tylko pokazanie jacy jeste\u015bmy.&nbsp;<\/p>\n\n\n\n<p><strong>MS: To prawda, my czujemy si\u0119 szybko ura\u017ceni. Czym to jest wed\u0142ug Pana spowodowane? Gdzie mo\u017cna szuka\u0107 \u017ar\u00f3de\u0142 takiej sytuacji? Pan, jako historyk z wykszta\u0142cenia, mo\u017ce z pewno\u015bci\u0105 te powody odnale\u017a\u0107.&nbsp;<\/strong><\/p>\n\n\n\n<p>R\u017b: Podejrzewam, \u017ce to jest wynik wielu spo\u0142ecznych przywar i kompleks\u00f3w, kt\u00f3re ma ten Nar\u00f3d. Ca\u0142y czas czujemy si\u0119 trosze\u0144k\u0119 gorsi i mamy nalecia\u0142o\u015bci, schematy z przesz\u0142o\u015bci. Nawet patrz\u0105c na to, co si\u0119 widzi, co si\u0119 pisze o Polsce na zewn\u0105trz, traktuje si\u0119 nas jako nar\u00f3d pan\u00f3w, my jeste\u015bmy bardzo mocno napompowani, spi\u0119ci, fajnie si\u0119 z kogo\u015b \u015bmia\u0107, ale jak kto\u015b si\u0119 z nas \u015bmieje, to jest problem. My jeszcze nie przekroczyli\u015bmy tej za\u015bciankowej bariery. Konserwatyzm, ten strach przed inno\u015bci\u0105, jeszcze w nas siedzi. Nie u wszystkich, m\u0142odzi ludzie s\u0105 ju\u017c na innym etapie. To wysz\u0142o podczas wybor\u00f3w, kiedy to w\u0142a\u015bnie m\u0142odzi ludzie oraz kobiety zdecydowali, \u017ce wi\u0119kszo\u015b\u0107 popar\u0142a partie demokratyczno-opozycyjne. Oni nie obawiaj\u0105 si\u0119 zmian, natomiast&nbsp; partie konserwatywne, partie katolickie, boj\u0105 si\u0119&nbsp;zmian i tutaj jest problem. Reaguj\u0105 l\u0119kiem, strachem i przez to staj\u0105 si\u0119 agresywni, druga strona te\u017c staje si\u0119 agresywna i wystarczy\u0142o tylko nas napu\u015bci\u0107 na siebie i mieli\u015bmy efekt tego, co dzia\u0142o si\u0119 przez ostatnie lata. To s\u0105 rzeczy, kt\u00f3re w nas-Polakach siedz\u0105. Potrzebne s\u0105 przemiany ewolucyjne, nast\u0119pne pokolenie musi by\u0107 wychowywane w innym klimacie. My mamy nalecia\u0142o\u015bci troch\u0119 z komunizmu, z szalonych lat 90-ych, w kt\u00f3rych proces prywatyzacji odbywa\u0142 si\u0119&nbsp;bez \u017cadnej kontroli. Doszed\u0142 jeszcze wsp\u00f3\u0142czesny czas mega konsumpcji, dost\u0119pu do Internetu, do social medi\u00f3w, tego wszystkiego co na nas wp\u0142ywa i mocno nam zmienia punkt widzenia. Nie wszystko jeste\u015bmy w stanie przefiltrowa\u0107. Podejrzewam, \u017ce wielu ludzi jest poddawana takiej obr\u00f3bce i przez to maj\u0105 takie zdanie, a nie inne.&nbsp;<\/p>\n\n\n\n<p><strong>MS: Podczas swojej dzia\u0142alno\u015bci artystycznej w Neo-N\u00f3wce wykreowa\u0142 Pan wiele postaci. Kt\u00f3ra z nich podoba si\u0119 Panu najbardziej? Kt\u00f3ra jest Panu najbli\u017csza?<\/strong><\/p>\n\n\n\n<p>R\u017b: To jest ci\u0119\u017ckie pytanie, bo to jest jakby zada\u0107 pytanie ojcu, kt\u00f3re ze swoich dzieci najbardziej kocha. Nie mam takiej odpowiedzi. Ka\u017cda z tych postaci ma sw\u00f3j wk\u0142ad w tej drodze, kt\u00f3r\u0105 przeszli\u015bmy w kabarecie, ka\u017cda jest inna, z czego jestem zadowolony, bo one wyzwoli\u0142y we mnie takie uczucie, \u017ce mog\u0119 wygenerowa\u0107 r\u00f3\u017cne postacie, wciela\u0107 si\u0119&nbsp;w kogo\u015b innego. To jest akurat bardzo fajne. My w kabarecie mo\u017cemy na\u0142o\u017cy\u0107 jaki\u015b kostium i sta\u0107 si\u0119 zupe\u0142nie kim\u015b innym, chocia\u017cby taka Wandzia, niby taka swobodna i lajtowa, ale ona m\u00f3wi o wielu wa\u017cnych sprawach. I to jest domena naszego kabaretu, \u017ceby pod p\u0142aszczykiem postaci bardzo p\u0142ytkich, stereotypowych, przemyci\u0107 wa\u017cniejsze tre\u015bci i o to starali\u015bmy si\u0119 od samego pocz\u0105tku. Nie samo przebranie za bab\u0119, ale ta baba ma mie\u0107 co\u015b do powiedzenia, aby to, co m\u00f3wi da\u0142o do my\u015blenia. I to w\u0142a\u015bnie cechuje nasz kabaret.&nbsp;<\/p>\n\n\n\n<p>A teraz, podczas mojego standupu, nie ma \u017cadnej innej postaci, teraz wychodz\u0119 jako ja, jako Roman \u017burek i robi\u0119 co\u015b, czego do tej pory nie robi\u0142em, czyli troszk\u0119 obna\u017cam si\u0119 z moj\u0105 przesz\u0142o\u015bci\u0105 i swoimi u\u0142omno\u015bciami. Nie wstydz\u0119 si\u0119 ich, tak\u017ce ucz\u0119 dystansu do siebie na swoim przyk\u0142adzie, bo \u015bmiej\u0119 si\u0119 z samego siebie. To te\u017c jest ciekawa forma, bardzo mocno wymagaj\u0105ca, bardzo intymna. To przej\u015bcie do nast\u0119pnego kroku w mojej artystycznej karierze, \u017ceby zrobi\u0107 co\u015b wbrew sobie, wyj\u015b\u0107 ze strefy komfortu. Nie ma koleg\u00f3w, nie ma przebra\u0144, na scenie jestem tylko ja. Jest minimalizm, ascetyzm, natomiast s\u0142owo jest tutaj najistotniejsze i ono nie jest zabarwione \u017cadnym graniem innych postaci.<\/p>\n\n\n\n<p><strong>MS: Dzi\u0119kuje Panu bardzo za rozmow\u0119. Us\u0142ysza\u0142em pi\u0119kne przes\u0142anie i szczerze m\u00f3wi\u0119: tego si\u0119 spodziewa\u0142em. \u017bycz\u0119 udanego wyst\u0119pu. &nbsp;<\/strong><\/p>\n\n\n\n<p>R\u017b: Sorry, \u017ce nie zaskoczy\u0142em (\u015bmiech).<\/p>\n\n\n\n<p><strong>MS: Chcia\u0142em powiedzie\u0107, \u017ce takich wypowiedzi si\u0119 spodziewa\u0142em, bo czuj\u0119 u Was w Neo-N\u00f3wce form\u0119 manifestu. Tak to odbieram.&nbsp;<\/strong><\/p>\n\n\n\n<p>R\u017b: Mamy scen\u0119, jeste\u015bmy popularni, ludzie mog\u0105 us\u0142ysze\u0107 to, co mamy do powiedzenia, wi\u0119c nie boimy si\u0119 ich u\u017cy\u0107. To, o czym rozmawiali\u015bmy na samym pocz\u0105tku, \u017ce \u201eWigilia\u201d odbi\u0142a si\u0119 tak du\u017cym echem, to tak\u017ce dlatego, \u017ce zwyk\u0142y widz, do kt\u00f3rego nie docieraj\u0105 prawdziwe tre\u015bci, tylko takie, kt\u00f3re s\u0105 zdeformowane przez propagandowy przekaz, nagle us\u0142yszy co\u015b, co nie do ko\u0144ca zgadza si\u0119 z tym, co on us\u0142ysza\u0142 w publicznej telewizji. I to tworzy du\u017cy dysonans, kt\u00f3ry widz musi ud\u017awign\u0105\u0107, kiedy nagle s\u0142yszy o aferach, o jakich\u015b niebezpiecze\u0144stwach, kt\u00f3re dziej\u0105 si\u0119 w Polsce.&nbsp;<\/p>\n\n\n\n<p><strong>MS: Wed\u0142ug publicznej telewizji, to by\u0142y pom\u00f3wienia\u2026<\/strong><\/p>\n\n\n\n<p>R\u017b: Tak, tak sobie to t\u0142umaczyli. Wida\u0107 to w\u0142a\u015bnie we wsp\u00f3\u0142czesnej \u201eWigilii\u201d, po ostatnich wyborach. Genialnie to sobie ojciec t\u0142umaczy, wi\u0119c jest bardzo ciekawie. Polecam zobaczy\u0107, bo to jest taki mocny fiko\u0142ek intelektualny.&nbsp;<\/p>\n\n\n\n<p><strong>MS: Oczywi\u015bcie. Bardzo dzi\u0119kuj\u0119 za rozmow\u0119 i po\u015bwi\u0119cony czas.&nbsp;<\/strong><\/p>\n","protected":false},"excerpt":{"rendered":"<p>Micha\u0142 Stosik: \u015aledz\u0119 od kilkunastu lat Pana dzia\u0142alno\u015b\u0107 z kabaretem Neo-N\u00f3wka i zawsze mnie fascynuj\u0105 poruszane przez Was tematy. Chcia\u0142bym&nbsp;zapyta\u0107 o skecz \u201eWigilia polska\u201d, dlaczego&hellip; <\/p>\n","protected":false},"author":1,"featured_media":0,"parent":0,"menu_order":0,"comment_status":"closed","ping_status":"closed","template":"","meta":{"footnotes":""},"class_list":["post-88","page","type-page","status-publish","hentry"],"_links":{"self":[{"href":"https:\/\/www.skocznamiasto.pl\/index.php\/wp-json\/wp\/v2\/pages\/88","targetHints":{"allow":["GET"]}}],"collection":[{"href":"https:\/\/www.skocznamiasto.pl\/index.php\/wp-json\/wp\/v2\/pages"}],"about":[{"href":"https:\/\/www.skocznamiasto.pl\/index.php\/wp-json\/wp\/v2\/types\/page"}],"author":[{"embeddable":true,"href":"https:\/\/www.skocznamiasto.pl\/index.php\/wp-json\/wp\/v2\/users\/1"}],"replies":[{"embeddable":true,"href":"https:\/\/www.skocznamiasto.pl\/index.php\/wp-json\/wp\/v2\/comments?post=88"}],"version-history":[{"count":1,"href":"https:\/\/www.skocznamiasto.pl\/index.php\/wp-json\/wp\/v2\/pages\/88\/revisions"}],"predecessor-version":[{"id":89,"href":"https:\/\/www.skocznamiasto.pl\/index.php\/wp-json\/wp\/v2\/pages\/88\/revisions\/89"}],"wp:attachment":[{"href":"https:\/\/www.skocznamiasto.pl\/index.php\/wp-json\/wp\/v2\/media?parent=88"}],"curies":[{"name":"wp","href":"https:\/\/api.w.org\/{rel}","templated":true}]}}