{"id":74,"date":"2025-07-16T16:22:26","date_gmt":"2025-07-16T16:22:26","guid":{"rendered":"https:\/\/www.skocznamiasto.pl\/?page_id=74"},"modified":"2025-07-16T21:47:19","modified_gmt":"2025-07-16T21:47:19","slug":"rozmowa-z-piotrem-zeltem-aktorem","status":"publish","type":"page","link":"https:\/\/www.skocznamiasto.pl\/index.php\/rozmowa-z-piotrem-zeltem-aktorem\/","title":{"rendered":"Rozmowa z Piotrem Zeltem, aktorem"},"content":{"rendered":"\n<p><strong>Red.: Serdecznie witamy w Gda\u0144sku \u2013 jakie masz wra\u017cenia w naszym mie\u015bcie?<\/strong><\/p>\n\n\n\n<p>PZ: Ja uwielbiam Tr\u00f3jmiasto i to m\u00f3wi\u0119 zawsze g\u0142o\u015bno i wyra\u017anie \u2013 Tr\u00f3jmiasto i Wroc\u0142aw, Tr\u00f3jmiasto jako ca\u0142o\u015b\u0107 i Wroc\u0142aw jest drugim takim moim ulubionym miastem, wi\u0119c gdybym m\u00f3g\u0142 sobie wybra\u0107 miasto do \u017cycia, to by\u0142oby to by\u0107 mo\u017ce Tr\u00f3jmiasto. Gda\u0144sk jest przepi\u0119kny, hotel przywita\u0142 nas pi\u0119kna panoram\u0105 \u2013 mam pok\u00f3j na 17 pi\u0119trze, na samej g\u00f3rze \u2013 z widokiem na Star\u00f3wk\u0119.&nbsp;<\/p>\n\n\n\n<p><strong>Red.: Siedzimy na stosunkowo ma\u0142ej scenie budynku NOT \u2013 jak j\u0105 odbierasz?<\/strong><\/p>\n\n\n\n<p>PZ: Gra\u0142em tu ju\u017c bardzo wiele razy, r\u00f3\u017cne tytu\u0142y, zawsze przyj\u0119cie publiczno\u015bci jest bardzo gor\u0105ce, tr\u00f3jmiejska \u2013 gda\u0144ska publiczno\u015b\u0107 jest bardzo serdeczna i przyjmuje nas zawsze entuzjastycznie. A budynek \u2013 siedzib\u0119 Naczelnej Organizacji Technicznej \u2013 te\u017c znam i pomimo tego, \u017ce jest pozosta\u0142o\u015bci\u0105 z okresu PRLu i teraz jest otoczony nowoczesnymi apartamentowcami, to ciesz\u0119 si\u0119, \u017ce NOT pozosta\u0142. Zastanawia\u0142em si\u0119, czy go nie wyburz\u0105, ale tak si\u0119 nie sta\u0142o i bardzo mnie to cieszy.&nbsp;<\/p>\n\n\n\n<p><strong>Red.: w\u0142a\u015bnie, je\u017celi chodzi o spektakle, to jak d\u0142ugo jeste\u015b aktywny na tym polu?<\/strong><\/p>\n\n\n\n<p>PZ: Leci trzydziesty pierwszy rok mojej pracy zawodowej.<\/p>\n\n\n\n<p><strong>Red.: a jakie tytu\u0142y szczeg\u00f3lnie zapad\u0142y w Twojej pami\u0119ci?<\/strong><\/p>\n\n\n\n<p>PZ: trudno wymienia\u0107, dlatego \u017ce r\u00f3\u017cne tytu\u0142y \u0142\u0105cza si\u0119 z ro\u017cnymi szczeg\u00f3lnymi sytuacjami w moich wspomnieniach: Hamlet \u2013 by\u0142o to pierwsze moje wyj\u015bcie na scen\u0119 w Teatrze Dramatycznym Miasta Sto\u0142ecznego Warszawy w 1992 r. \u2013 gra\u0142em Fortinbrasa \u2013 kr\u00f3la norweskiego, kt\u00f3ry przychodzi na ko\u0144cu sztuki; rola epizodyczna, jedna scena, ale bardzo du\u017ca \u2013 pami\u0119tam j\u0105 szczeg\u00f3lnie, bo by\u0142 to m\u00f3j debiut.&nbsp;<\/p>\n\n\n\n<p>P\u00f3\u017aniej \u201eWi\u015bniowy sad\u201d tak\u017ce w Teatrze Dramatycznym, gdzie gra\u0142em Jasz\u0119, pod re\u017cyseri\u0105 rosyjskiego re\u017cysera, to by\u0142o bardzo interesuj\u0105ce do\u015bwiadczenie zawodowe, bo sztuk\u0119 Czechowa grali\u015bmy pod re\u017cyseri\u0105 moskiewskiego re\u017cysera.<\/p>\n\n\n\n<p>Przechodz\u0105c do czas\u00f3w mniej odleg\u0142ych, pierwsza farsa w jakiej zagra\u0142em by\u0142a sztuka \u201eBiznes\u201d w re\u017cyserii Jurka Bo\u0144czaka w teatrze Komedia, a z ostatnich czas\u00f3w, sztuka \u201eSelfie.com.pl\u201d, w kt\u00f3rej gra\u0142em z Dorot\u0105 Pomyka\u0142\u0105, Juli\u0105 Kami\u0144sk\u0105, Filipem Bobkiem, tekst Piotra Jaska, uwielbia\u0142em gra\u0107 t\u0119 sztuk\u0119, ju\u017c niestety jej nie gramy, ale mo\u017ce jeszcze kiedy\u015b do niej powr\u00f3cimy. A teraz \u2013 \u201eGo\u0142o i weso\u0142o\u201d.<\/p>\n\n\n\n<p><strong>Red.: W\u0142a\u015bnie, jak oceniasz sztuk\u0119 na tle s\u0142ynnego brytyjskiego filmu z lat 90-tych?<\/strong><\/p>\n\n\n\n<p>PZ: Ten film by\u0142 w swoim czasie bardzo popularny, jednak to w\u0142a\u015bnie film powsta\u0142 na kanwie sztuki, a nie odwrotnie. Obejrza\u0142em go ostatnio i odnios\u0142em wra\u017cenie, \u017ce si\u0119 troch\u0119 zestarza\u0142, bo tak to jest, \u017ce niekt\u00f3re filmy s\u0105 ponadczasowe, a ten troch\u0119, moim zdaniem, \u201ezardzewia\u0142\u201d.<\/p>\n\n\n\n<p>Scenariusz sztuki, w kt\u00f3rej gram, zosta\u0142 troch\u0119 zmieniony, to znaczy, bohaterowie nie pochodz\u0105 z ma\u0142ego miasteczka w Anglii, tylko z Tomaszowa Mazowieckiego. Nie ma tam kopalni, jednak jest bezrobocie. Dla mnie jest to taka \u201e\u015bpiewogra \u2013 ta\u0144cogra\u201d, bo spektakl jest bardzo mocno okraszony ta\u0144cem, rozrywk\u0105 w interakcji z widzami, trudno to zatem okre\u015bli\u0107 jako stricte przedstawienie teatralne. Ono jest troszeczk\u0119 na po\u0142y musicalem, momentami ociera si\u0119 o konwencj\u0119 kabaretu, a cz\u0119\u015bciowo jest w konwencji teatralnej.<\/p>\n\n\n\n<p>Red.: Ta sztuka jest bardzo chwalona, mi\u0119dzy innymi przez t\u0119 form\u0119.<\/p>\n\n\n\n<p>PZ: Tak, widzowie bardzo entuzjastycznie podchodz\u0105 do tego spektaklu, zw\u0142aszcza kobiety, bo, co tu du\u017co m\u00f3wi\u0107, jest on bardziej atrakcyjny dla pa\u0144, ni\u017c dla pan\u00f3w, kt\u00f3rzy siedz\u0105c ze swoimi partnerkami maj\u0105 takie miny nie za szczeg\u00f3lne, widz\u0105c jak panie klaszcz\u0105, bawi\u0105 si\u0119 i ciesz\u0105, widz\u0105c nas do\u015b\u0107 mocno momentami roznegli\u017cowanych na scenie. Widz\u0119 wi\u0119c po minach niekt\u00f3rych pan\u00f3w, \u017ce czuj\u0105 si\u0119 \u015brednio komfortowo, co jest dla mnie zabawne.<\/p>\n\n\n\n<p><strong>Red.: Rozmawiamy dzi\u015b w stosunkowo spokojnym czasie, je\u017celi chodzi o pandemi\u0119. Czy mo\u017cesz powiedzie\u0107, \u017ce je\u017celi chodzi o \u017cycie artystyczne, wr\u00f3cili\u015bmy do normalno\u015bci, po tych wszystkich zawirowaniach poprzednich dw\u00f3ch lat?<\/strong><\/p>\n\n\n\n<p>PZ: Tak, zdecydowanie tak, mam wra\u017cenie, \u017ce ludzie po tych wszystkich lockdownach, kt\u00f3re nas dotkn\u0119\u0142y i zmieni\u0142y nasz\u0105 perspektyw\u0119, nasze spojrzenie na normalne funkcjonowanie \u2013 nie doceniali\u015bmy pewnych rzeczy, bo wydawa\u0142o nam si\u0119 to oczywiste, \u017ce mo\u017cemy p\u00f3j\u015b\u0107 na przyk\u0142ad na p\u0142ywalni\u0119, do teatru, do marketu, przebywa\u0107 w skupiskach ludzi. To wszystko nagle wywr\u00f3ci\u0142o si\u0119 do g\u00f3ry nogami, zosta\u0142o nam odebrane na pewien czas, ograniczono tak\u017ce takie podstawowe swobody. Mam wra\u017cenie, \u017ce ludzie chc\u0105 teraz odreagowa\u0107 ten czas pandemii, dlatego frekwencja w teatrach jest bardzo du\u017ca, ludzie chc\u0105 przychodzi\u0107 na spektakle teatralne, pomimo tego, \u017ce czasy s\u0105 nie\u0142atwe, poniewa\u017c szaleje dro\u017cyzna, przez ostatnie lata biedniejemy dosy\u0107 skutecznie, chocia\u017c w\u0142adza dosypuje pieni\u0119dzy i twierdzi, \u017ce nie, ale obserwujemy co\u015b innego. A mimo to ludzie kupuj\u0105 bilety i przychodz\u0105 do teatru. Ja si\u0119 zastanawia\u0142em czy nie b\u0119dzie tak, \u017ce ludzie jednak na skutek tego, \u017ce koszty \u017cycia tak bardzo wzros\u0142y, odetn\u0105 to, co jest warto\u015bci\u0105 dodan\u0105, czyli kultur\u0119, to, z czego naj\u0142atwiej jest nam zrezygnowa\u0107, bo nie zrezygnujemy z zakup\u00f3w podstawowych towar\u00f3w, \u017cywno\u015bci, musimy op\u0142aci\u0107 rachunki za pr\u0105d, za gaz, natomiast tu \u0142atwiej jest zrezygnowa\u0107 z kultury, rozrywki. A nie, na razie nie odczuwamy tego w taki spos\u00f3b, bo bilety na spektakle, w kt\u00f3rych gram, sprzedaj\u0105 si\u0119 \u201ena pniu\u201d i gramy zwykle do pe\u0142nej sali, ludzie nie rezygnuj\u0105, chc\u0105 si\u0119 z nami bawi\u0107, zapomnie\u0107 o troskach dnia codziennego, w naszym towarzystwie, z czego ja si\u0119 niezwykle ciesz\u0119 i bardzo to sobie ceni\u0119.<\/p>\n\n\n\n<p><strong>Red.: Jest taka sytuacja w naszym kraju, \u017ce spo\u0142ecze\u0144stwo jest podzielone, taka jest smutna prawda. Czy takie wydarzenia kulturalne, wp\u0142ywaj\u0105 na to, \u017ce jeste\u015bmy razem jako nar\u00f3d, czy mo\u017cna tym pom\u00f3c?<\/strong><\/p>\n\n\n\n<p>PZ: My\u015bl\u0119, \u017ce istnieje grupa ludzi o szczeg\u00f3lnych pogl\u0105dach, nie jest klientel\u0105 teatru specjalnie liczn\u0105, wi\u0119c w wi\u0119kszo\u015bci w teatrze pojawia si\u0119 wi\u0119kszo\u015b\u0107 ludzi o w miar\u0119 sp\u00f3jnych, jednorodnych pogl\u0105dach, ale zdarzaj\u0105 si\u0119 komentarze, kt\u00f3re my sobie czytamy od czasu do czasu, wi\u0119c zdarzaj\u0105 si\u0119 komentarze od widz\u00f3w po naszym spektaklu, kt\u00f3rych co\u015b dotkn\u0119\u0142o w tym spektaklu, jakie\u015b tre\u015bci. My jeste\u015bmy takim generalnie obra\u017calskim narodem, spo\u0142ecze\u0144stwem, kt\u00f3re co\u015b obrusza, lubimy my\u015ble\u0107 o sobie, \u017ce jeste\u015bmy wyj\u0105tkowi i nieskazitelni, Polak zawsze na bia\u0142ym koniu, wobec czego, je\u017celi cokolwiek nie idzie po my\u015bli co niekt\u00f3rych, to jest od razu wytykane i jest przedmiotem urazy czy obrazy. Mo\u017cemy sami krytykowa\u0107 siebie i wtedy to jest w porz\u0105dku, ale je\u017celi kto\u015b nam co\u015b wytknie, to jest to bardzo nie w porz\u0105dku. Ale tak, my\u015bl\u0119, \u017ce ludzie bawi\u0105c si\u0119, reaguj\u0105c na naszym spektaklu, staj\u0105 si\u0119 jedno\u015bci\u0105, my\u015bl\u0119, \u017ce jednoczymy \u015bmiechem i poczuciem humoru zdecydowan\u0105 wi\u0119kszo\u015b\u0107 widowni. Jeszcze si\u0119 taki nie urodzi\u0142, kt\u00f3ry by ka\u017cdemu dogodzi\u0142, wi\u0119c zdarz\u0105 si\u0119 zawsze jakie\u015b jednostki, kt\u00f3rym nie odpowiada to poczucie humoru, ale to jest naturalne, a wi\u0119kszo\u015b\u0107 reaguje fantastycznie.&nbsp;<\/p>\n\n\n\n<p><strong>Red.: I z tego powinni\u015bmy si\u0119 cieszy\u0107. Chcia\u0142bym jeszcze nawi\u0105za\u0107 do Twojej historii walki z depresj\u0105. Jeste\u015b wspania\u0142ym przyk\u0142adem cz\u0142owieka, kt\u00f3remu uda\u0142o si\u0119 pokona\u0107 t\u0119 chorob\u0119.<\/strong><\/p>\n\n\n\n<p>PZ: Tak, nie by\u0142o to \u0142atwe. Ogromn\u0105 pomoc otrzyma\u0142em od moich najbli\u017cszych, siostry mojej mamy pokierowa\u0142y mnie w spos\u00f3b bardzo delikatny i m\u0105dry do lekarza. To dzia\u0142o si\u0119 bardzo dawno temu, kiedy \u2013 prosz\u0119 wzi\u0105\u0107 to w cudzys\u0142\u00f3w \u2013 temat depresji nie by\u0142 jeszcze taki \u201emodny\u201d. Ale co\u015b jest na rzeczy, przez d\u0142ugi czas to by\u0142 temat tabu, co\u015b, do czego nie wypada\u0142o si\u0119 przyzna\u0107, ludzie czuli si\u0119 bardzo niekomfortowo i bali si\u0119 napi\u0119tnowania, je\u017celi si\u0119 przyznaj\u0105 do tego problemu. Ja tak\u017ce mia\u0142em opory wewn\u0119trzne przed m\u00f3wieniem o tym g\u0142o\u015bno, jednak uzna\u0142em, \u017ce to jest wa\u017cne, aby te tematy porusza\u0107 publicznie i kiedy zwr\u00f3ci\u0142a si\u0119 do mnie pani Anna Morawska, za\u0142o\u017cycielka Fundacji \u201eTwarze Depresji. Nie oceniam. Akceptuj\u0119\u201d, prosz\u0105c, abym zosta\u0142 ambasadorem tej akcji spo\u0142ecznej, to zdecydowa\u0142em si\u0119 w to wej\u015b\u0107, bo uwa\u017ca\u0142em, \u017ce to jest wa\u017cne, aby oswaja\u0107 w spo\u0142ecze\u0144stwie ten problem. Je\u017celi mo\u017cna przekona\u0107 jedn\u0105 osob\u0119 do tego, aby posz\u0142a si\u0119 leczy\u0107, \u017ceby wzi\u0119\u0142a si\u0119 za bary z t\u0105 chorob\u0105, to trzeba to zrobi\u0107.<\/p>\n\n\n\n<p><strong>Red.: Co by\u015b powiedzia\u0142 osobie dotkni\u0119tej t\u0105 chorob\u0105, co, z Twojego do\u015bwiadczenia, najbardziej by pomog\u0142o?<\/strong><\/p>\n\n\n\n<p>PZ: Takie osoby trzeba wspiera\u0107 w najmniejszych drobiazgach. Pierwsze, do czego nale\u017cy nak\u0142oni\u0107 tak\u0105 osob\u0119 to, \u017ceby poszuka\u0142a pomocy u specjalisty, tym specjalist\u0105 jest psychiatra, dopiero drugim adresem jest psycholog. Zwykle, musi to si\u0119 opiera\u0107 na leczeniu farmakologicznym, dopiero p\u00f3\u017aniej mo\u017ce wej\u015b\u0107 psychoterapia. Pierwsz\u0105 rzecz\u0105 jest nam\u00f3wienie takiej osoby na pomoc u specjalisty, w spos\u00f3b stanowczy, ale taktowny, u\u015bwiadomienie jej, \u017ce co\u015b jest nie tak. A p\u00f3\u017aniej, nale\u017cy j\u0105 wspiera\u0107 w ka\u017cdym drobnym kroku, chwali\u0107 za ka\u017cdy poczyniony post\u0119p, bo osoba, kt\u00f3ra choruje na depresj\u0119, mo\u017ce mie\u0107 problem z najmniejszymi rzeczami, ze wstaniem z \u0142\u00f3\u017cka, umyciem z\u0119b\u00f3w, ubraniem si\u0119, z wyj\u015bciem z domu, wi\u0119c ka\u017cdy taki krok nale\u017cy chwali\u0107 i wspiera\u0107. To jest niezwykle wa\u017cne dla takiej osoby, \u017ceby ona czu\u0142a, \u017ce przez ca\u0142y czas ma nasze wsparcie. To jest jedna rzecz; druga \u2013 nie ocenia\u0107; trzecia \u2013 nie krytykowa\u0107 nigdy takiej osoby, tylko ca\u0142y czas w m\u0105dry spos\u00f3b wspiera\u0107.&nbsp;<\/p>\n\n\n\n<p><strong>Red.: I tym akcentem, bardzo dzi\u0119kuj\u0119 za spotkanie i \u017cycz\u0119 wielu sukces\u00f3w na scenie oraz w \u017cyciu osobistym.<\/strong><\/p>\n\n\n\n<p>PZ: Dzi\u0119kuj\u0119 bardzo.<\/p>\n\n\n\n<p><\/p>\n\n\n\n<p><\/p>\n\n\n\n<p><\/p>\n","protected":false},"excerpt":{"rendered":"<p>Red.: Serdecznie witamy w Gda\u0144sku \u2013 jakie masz wra\u017cenia w naszym mie\u015bcie? PZ: Ja uwielbiam Tr\u00f3jmiasto i to m\u00f3wi\u0119 zawsze g\u0142o\u015bno i wyra\u017anie \u2013 Tr\u00f3jmiasto&hellip; <\/p>\n","protected":false},"author":1,"featured_media":0,"parent":0,"menu_order":0,"comment_status":"closed","ping_status":"closed","template":"page-templates\/photograph-template.php","meta":{"footnotes":""},"class_list":["post-74","page","type-page","status-publish","hentry"],"_links":{"self":[{"href":"https:\/\/www.skocznamiasto.pl\/index.php\/wp-json\/wp\/v2\/pages\/74","targetHints":{"allow":["GET"]}}],"collection":[{"href":"https:\/\/www.skocznamiasto.pl\/index.php\/wp-json\/wp\/v2\/pages"}],"about":[{"href":"https:\/\/www.skocznamiasto.pl\/index.php\/wp-json\/wp\/v2\/types\/page"}],"author":[{"embeddable":true,"href":"https:\/\/www.skocznamiasto.pl\/index.php\/wp-json\/wp\/v2\/users\/1"}],"replies":[{"embeddable":true,"href":"https:\/\/www.skocznamiasto.pl\/index.php\/wp-json\/wp\/v2\/comments?post=74"}],"version-history":[{"count":1,"href":"https:\/\/www.skocznamiasto.pl\/index.php\/wp-json\/wp\/v2\/pages\/74\/revisions"}],"predecessor-version":[{"id":75,"href":"https:\/\/www.skocznamiasto.pl\/index.php\/wp-json\/wp\/v2\/pages\/74\/revisions\/75"}],"wp:attachment":[{"href":"https:\/\/www.skocznamiasto.pl\/index.php\/wp-json\/wp\/v2\/media?parent=74"}],"curies":[{"name":"wp","href":"https:\/\/api.w.org\/{rel}","templated":true}]}}