{"id":42,"date":"2025-07-16T14:25:34","date_gmt":"2025-07-16T14:25:34","guid":{"rendered":"https:\/\/www.skocznamiasto.pl\/?page_id=42"},"modified":"2025-10-06T09:23:34","modified_gmt":"2025-10-06T09:23:34","slug":"co-jest-grane","status":"publish","type":"page","link":"https:\/\/www.skocznamiasto.pl\/index.php\/co-jest-grane\/","title":{"rendered":"Co jest grane"},"content":{"rendered":"\n<p class=\"has-text-align-center\"><strong>Sopot Jazz Festival 2025 09-11.10.2025<\/strong><\/p>\n\n\n\n<p><\/p>\n\n\n<div class=\"wp-block-image\">\n<figure class=\"aligncenter size-full\"><img loading=\"lazy\" decoding=\"async\" width=\"490\" height=\"653\" src=\"https:\/\/www.skocznamiasto.pl\/wp-content\/uploads\/2025\/10\/sj25_prestiz_2608_druk.jpg\" alt=\"\" class=\"wp-image-838\" srcset=\"https:\/\/www.skocznamiasto.pl\/wp-content\/uploads\/2025\/10\/sj25_prestiz_2608_druk.jpg 490w, https:\/\/www.skocznamiasto.pl\/wp-content\/uploads\/2025\/10\/sj25_prestiz_2608_druk-225x300.jpg 225w\" sizes=\"auto, (max-width: 490px) 100vw, 490px\" \/><\/figure><\/div>\n\n\n<p class=\"has-text-align-center\"><strong>Fina\u0142 Krajowej Ligi \u017bu\u017clowej &#8211; Wybrze\u017ce Gda\u0144sk vs Pronergy Polonia Pi\u0142a 21.09.2025, 15:00<\/strong><\/p>\n\n\n\n<p><\/p>\n\n\n<div class=\"wp-block-image\">\n<figure class=\"aligncenter size-full\"><img loading=\"lazy\" decoding=\"async\" width=\"820\" height=\"360\" src=\"https:\/\/www.skocznamiasto.pl\/wp-content\/uploads\/2025\/09\/544845056_1346129187521656_3584251331005213208_n.jpg\" alt=\"\" class=\"wp-image-773\" srcset=\"https:\/\/www.skocznamiasto.pl\/wp-content\/uploads\/2025\/09\/544845056_1346129187521656_3584251331005213208_n.jpg 820w, https:\/\/www.skocznamiasto.pl\/wp-content\/uploads\/2025\/09\/544845056_1346129187521656_3584251331005213208_n-300x132.jpg 300w, https:\/\/www.skocznamiasto.pl\/wp-content\/uploads\/2025\/09\/544845056_1346129187521656_3584251331005213208_n-768x337.jpg 768w\" sizes=\"auto, (max-width: 820px) 100vw, 820px\" \/><\/figure><\/div>\n\n\n<p><\/p>\n\n\n\n<p class=\"has-text-align-center\"><strong>Pi\u0142karska Ekstraklasa &#8211; Lechia Gda\u0144sk vs GKS Katowice 12.09.2025, 18.00<\/strong><\/p>\n\n\n\n<p><\/p>\n\n\n<div class=\"wp-block-image\">\n<figure class=\"aligncenter size-large\"><img loading=\"lazy\" decoding=\"async\" width=\"1024\" height=\"1024\" src=\"https:\/\/www.skocznamiasto.pl\/wp-content\/uploads\/2025\/09\/542750749_1201910758643629_7596784950300693108_n-1024x1024.jpg\" alt=\"\" class=\"wp-image-711\" srcset=\"https:\/\/www.skocznamiasto.pl\/wp-content\/uploads\/2025\/09\/542750749_1201910758643629_7596784950300693108_n-1024x1024.jpg 1024w, https:\/\/www.skocznamiasto.pl\/wp-content\/uploads\/2025\/09\/542750749_1201910758643629_7596784950300693108_n-300x300.jpg 300w, https:\/\/www.skocznamiasto.pl\/wp-content\/uploads\/2025\/09\/542750749_1201910758643629_7596784950300693108_n-150x150.jpg 150w, https:\/\/www.skocznamiasto.pl\/wp-content\/uploads\/2025\/09\/542750749_1201910758643629_7596784950300693108_n-768x768.jpg 768w, https:\/\/www.skocznamiasto.pl\/wp-content\/uploads\/2025\/09\/542750749_1201910758643629_7596784950300693108_n-75x75.jpg 75w, https:\/\/www.skocznamiasto.pl\/wp-content\/uploads\/2025\/09\/542750749_1201910758643629_7596784950300693108_n.jpg 1080w\" sizes=\"auto, (max-width: 1024px) 100vw, 1024px\" \/><\/figure><\/div>\n\n\n<p><\/p>\n\n\n\n<p class=\"has-text-align-center\"><strong>P\u00f3lfina\u0142 Krajowej Ligi \u017bu\u017clowej &#8211; Wybrze\u017ce Gda\u0144sk vs Lokomotiv Daugavpils 31.08.205, 15.00<\/strong><\/p>\n\n\n\n<p><\/p>\n\n\n<div class=\"wp-block-image\">\n<figure class=\"aligncenter size-large\"><img loading=\"lazy\" decoding=\"async\" width=\"728\" height=\"1024\" src=\"https:\/\/www.skocznamiasto.pl\/wp-content\/uploads\/2025\/08\/lokomotiv-728x1024.jpg\" alt=\"\" class=\"wp-image-462\" srcset=\"https:\/\/www.skocznamiasto.pl\/wp-content\/uploads\/2025\/08\/lokomotiv-728x1024.jpg 728w, https:\/\/www.skocznamiasto.pl\/wp-content\/uploads\/2025\/08\/lokomotiv-213x300.jpg 213w, https:\/\/www.skocznamiasto.pl\/wp-content\/uploads\/2025\/08\/lokomotiv-768x1080.jpg 768w, https:\/\/www.skocznamiasto.pl\/wp-content\/uploads\/2025\/08\/lokomotiv-1093x1536.jpg 1093w, https:\/\/www.skocznamiasto.pl\/wp-content\/uploads\/2025\/08\/lokomotiv.jpg 1193w\" sizes=\"auto, (max-width: 728px) 100vw, 728px\" \/><\/figure><\/div>\n\n\n<p><\/p>\n\n\n\n<p><\/p>\n\n\n\n<p class=\"has-text-align-center\"><strong>&#8222;Nasza Solidarno\u015b\u0107. A to nam si\u0119 uda\u0142o!&#8221; koncert gwiazd polskiej muzyki 28.08.2025<\/strong>, .20:00<\/p>\n\n\n\n<p><\/p>\n\n\n<div class=\"wp-block-image\">\n<figure class=\"aligncenter size-full\"><img loading=\"lazy\" decoding=\"async\" width=\"900\" height=\"600\" src=\"https:\/\/www.skocznamiasto.pl\/wp-content\/uploads\/2025\/08\/koncert-solidarnos-c-900x600_auto_1600x800.png\" alt=\"\" class=\"wp-image-458\" srcset=\"https:\/\/www.skocznamiasto.pl\/wp-content\/uploads\/2025\/08\/koncert-solidarnos-c-900x600_auto_1600x800.png 900w, https:\/\/www.skocznamiasto.pl\/wp-content\/uploads\/2025\/08\/koncert-solidarnos-c-900x600_auto_1600x800-300x200.png 300w, https:\/\/www.skocznamiasto.pl\/wp-content\/uploads\/2025\/08\/koncert-solidarnos-c-900x600_auto_1600x800-768x512.png 768w\" sizes=\"auto, (max-width: 900px) 100vw, 900px\" \/><\/figure><\/div>\n\n\n<p><\/p>\n\n\n\n<p class=\"has-text-align-center\"><strong>Pi\u0142karskie Derby T\u00f3jmiasta Lechia vs Arka Niedziela 24.08.2025 godz. 17.30<\/strong><\/p>\n\n\n\n<p><\/p>\n\n\n<div class=\"wp-block-image\">\n<figure class=\"aligncenter size-full\"><img loading=\"lazy\" decoding=\"async\" width=\"1024\" height=\"576\" src=\"https:\/\/www.skocznamiasto.pl\/wp-content\/uploads\/2025\/08\/komputer_1-1024x576-1.png\" alt=\"\" class=\"wp-image-404\" srcset=\"https:\/\/www.skocznamiasto.pl\/wp-content\/uploads\/2025\/08\/komputer_1-1024x576-1.png 1024w, https:\/\/www.skocznamiasto.pl\/wp-content\/uploads\/2025\/08\/komputer_1-1024x576-1-300x169.png 300w, https:\/\/www.skocznamiasto.pl\/wp-content\/uploads\/2025\/08\/komputer_1-1024x576-1-768x432.png 768w\" sizes=\"auto, (max-width: 1024px) 100vw, 1024px\" \/><\/figure><\/div>\n\n\n<p><\/p>\n\n\n\n<p class=\"has-text-align-center\"><\/p>\n\n\n\n<p class=\"has-text-align-center\"><strong><a href=\"https:\/\/www.skocznamiasto.pl\/index.php\/energa-ladiesjazz-festival-2025\/\" data-type=\"page\" data-id=\"130\"> Energa Ladies\u00b4Jazz Festival, 20-27.07.2025<\/a><\/strong><\/p>\n\n\n\n<p><\/p>\n\n\n<div class=\"wp-block-image\">\n<figure class=\"aligncenter size-large\"><a href=\"https:\/\/www.skocznamiasto.pl\/index.php\/energa-ladiesjazz-festival-2025\/\"><img loading=\"lazy\" decoding=\"async\" width=\"1024\" height=\"1024\" src=\"https:\/\/www.skocznamiasto.pl\/wp-content\/uploads\/2025\/07\/ELJF2025_GP_1080x1080_soldout-1024x1024.jpg\" alt=\"\" class=\"wp-image-121\" srcset=\"https:\/\/www.skocznamiasto.pl\/wp-content\/uploads\/2025\/07\/ELJF2025_GP_1080x1080_soldout-1024x1024.jpg 1024w, https:\/\/www.skocznamiasto.pl\/wp-content\/uploads\/2025\/07\/ELJF2025_GP_1080x1080_soldout-300x300.jpg 300w, https:\/\/www.skocznamiasto.pl\/wp-content\/uploads\/2025\/07\/ELJF2025_GP_1080x1080_soldout-150x150.jpg 150w, https:\/\/www.skocznamiasto.pl\/wp-content\/uploads\/2025\/07\/ELJF2025_GP_1080x1080_soldout-768x768.jpg 768w, https:\/\/www.skocznamiasto.pl\/wp-content\/uploads\/2025\/07\/ELJF2025_GP_1080x1080_soldout-75x75.jpg 75w, https:\/\/www.skocznamiasto.pl\/wp-content\/uploads\/2025\/07\/ELJF2025_GP_1080x1080_soldout.jpg 1080w\" sizes=\"auto, (max-width: 1024px) 100vw, 1024px\" \/><\/a><\/figure><\/div>\n\n\n<p><\/p>\n\n\n\n<p class=\"has-text-align-center has-medium-font-size\"><strong> Mecz na szczycie Krajowej Ligi \u017bu\u017clowej: Wybrze\u017ce Gda\u0144sk vs Pronergy Polonia Pi\u0142a, 06.07.2025, godz. 14.00<\/strong><\/p>\n\n\n\n<p><\/p>\n\n\n<div class=\"wp-block-image\">\n<figure class=\"aligncenter size-large is-resized\"><img loading=\"lazy\" decoding=\"async\" width=\"726\" height=\"1024\" src=\"https:\/\/www.skocznamiasto.pl\/wp-content\/uploads\/2025\/07\/Pila-726x1024.jpg\" alt=\"\" class=\"wp-image-92\" style=\"width:608px;height:auto\" srcset=\"https:\/\/www.skocznamiasto.pl\/wp-content\/uploads\/2025\/07\/Pila-726x1024.jpg 726w, https:\/\/www.skocznamiasto.pl\/wp-content\/uploads\/2025\/07\/Pila-213x300.jpg 213w, https:\/\/www.skocznamiasto.pl\/wp-content\/uploads\/2025\/07\/Pila-768x1083.jpg 768w, https:\/\/www.skocznamiasto.pl\/wp-content\/uploads\/2025\/07\/Pila.jpg 1080w\" sizes=\"auto, (max-width: 726px) 100vw, 726px\" \/><\/figure><\/div>\n\n\n<p><\/p>\n\n\n\n<p class=\"has-text-align-center\"><strong>Regaty Energa Nord Cup Gda\u0144sk 2025, 27.06 &#8211; 13.07 2025<\/strong><\/p>\n\n\n\n<p><\/p>\n\n\n<div class=\"wp-block-image\">\n<figure class=\"aligncenter size-large\"><img loading=\"lazy\" decoding=\"async\" width=\"1024\" height=\"576\" src=\"https:\/\/www.skocznamiasto.pl\/wp-content\/uploads\/2025\/07\/EN-Intro-Nord-Cup-1920\u00d71080-px-1024x576.png\" alt=\"\" class=\"wp-image-165\" srcset=\"https:\/\/www.skocznamiasto.pl\/wp-content\/uploads\/2025\/07\/EN-Intro-Nord-Cup-1920\u00d71080-px-1024x576.png 1024w, https:\/\/www.skocznamiasto.pl\/wp-content\/uploads\/2025\/07\/EN-Intro-Nord-Cup-1920\u00d71080-px-300x169.png 300w, https:\/\/www.skocznamiasto.pl\/wp-content\/uploads\/2025\/07\/EN-Intro-Nord-Cup-1920\u00d71080-px-768x432.png 768w, https:\/\/www.skocznamiasto.pl\/wp-content\/uploads\/2025\/07\/EN-Intro-Nord-Cup-1920\u00d71080-px-1536x864.png 1536w, https:\/\/www.skocznamiasto.pl\/wp-content\/uploads\/2025\/07\/EN-Intro-Nord-Cup-1920\u00d71080-px.png 1920w\" sizes=\"auto, (max-width: 1024px) 100vw, 1024px\" \/><\/figure><\/div>\n\n\n<p><\/p>\n\n\n\n<p class=\"has-text-align-center\"><strong>Mi\u0119dzynarodowe Oficjalne Zawody w Skokach CSIO4* Sopot 2025, 12-15.06.2025<\/strong><br><\/p>\n\n\n<div class=\"wp-block-image\">\n<figure class=\"aligncenter is-resized\"><img decoding=\"async\" src=\"https:\/\/csio.sopot.pl\/wp-content\/uploads\/2025\/05\/7_1.svg\" alt=\"\" style=\"width:802px;height:auto\"\/><\/figure><\/div>\n\n\n<p class=\"has-text-align-center\"><\/p>\n\n\n\n<p class=\"has-text-align-center\"><strong>5-ty p\u00f3lfina\u0142owy mecz, decyduj\u0105cy o awansie do fina\u0142u Orlen Basket Ligi &#8211; Trefl Sopot vs Start Lublin <\/strong><\/p>\n\n\n<div class=\"wp-block-image\">\n<figure class=\"aligncenter size-full\"><img loading=\"lazy\" decoding=\"async\" width=\"350\" height=\"350\" src=\"https:\/\/www.skocznamiasto.pl\/wp-content\/uploads\/2025\/07\/start.webp\" alt=\"\" class=\"wp-image-115\" srcset=\"https:\/\/www.skocznamiasto.pl\/wp-content\/uploads\/2025\/07\/start.webp 350w, https:\/\/www.skocznamiasto.pl\/wp-content\/uploads\/2025\/07\/start-300x300.webp 300w, https:\/\/www.skocznamiasto.pl\/wp-content\/uploads\/2025\/07\/start-150x150.webp 150w, https:\/\/www.skocznamiasto.pl\/wp-content\/uploads\/2025\/07\/start-75x75.webp 75w\" sizes=\"auto, (max-width: 350px) 100vw, 350px\" \/><\/figure><\/div>\n\n\n<p><\/p>\n\n\n\n<p class=\"has-text-align-center\"><strong>\u0106wier\u0107fina\u0142 Orlen Superligi &#8211; PGE Wybrze\u017ce Gda\u0144sk vs Rebud Kpr Ostrovia Ostr\u00f3w Wielkopolski 23.04.2025, godz. 20.30 <\/strong><\/p>\n\n\n\n<p><\/p>\n\n\n<div class=\"wp-block-image\">\n<figure class=\"aligncenter size-large\"><img loading=\"lazy\" decoding=\"async\" width=\"1024\" height=\"323\" src=\"https:\/\/www.skocznamiasto.pl\/wp-content\/uploads\/2025\/07\/reczna-1024x323.webp\" alt=\"\" class=\"wp-image-198\" srcset=\"https:\/\/www.skocznamiasto.pl\/wp-content\/uploads\/2025\/07\/reczna-1024x323.webp 1024w, https:\/\/www.skocznamiasto.pl\/wp-content\/uploads\/2025\/07\/reczna-300x95.webp 300w, https:\/\/www.skocznamiasto.pl\/wp-content\/uploads\/2025\/07\/reczna-768x242.webp 768w, https:\/\/www.skocznamiasto.pl\/wp-content\/uploads\/2025\/07\/reczna-1536x484.webp 1536w, https:\/\/www.skocznamiasto.pl\/wp-content\/uploads\/2025\/07\/reczna.webp 1920w\" sizes=\"auto, (max-width: 1024px) 100vw, 1024px\" \/><\/figure><\/div>","protected":false},"excerpt":{"rendered":"<p>Sopot Jazz Festival 2025 09-11.10.2025 Fina\u0142 Krajowej Ligi \u017bu\u017clowej &#8211; Wybrze\u017ce Gda\u0144sk vs Pronergy Polonia Pi\u0142a 21.09.2025, 15:00 Pi\u0142karska Ekstraklasa &#8211; Lechia Gda\u0144sk vs GKS&hellip; <\/p>\n","protected":false},"author":1,"featured_media":0,"parent":0,"menu_order":0,"comment_status":"closed","ping_status":"closed","template":"page-templates\/photograph-template.php","meta":{"footnotes":""},"class_list":["post-42","page","type-page","status-publish","hentry"],"_links":{"self":[{"href":"https:\/\/www.skocznamiasto.pl\/index.php\/wp-json\/wp\/v2\/pages\/42","targetHints":{"allow":["GET"]}}],"collection":[{"href":"https:\/\/www.skocznamiasto.pl\/index.php\/wp-json\/wp\/v2\/pages"}],"about":[{"href":"https:\/\/www.skocznamiasto.pl\/index.php\/wp-json\/wp\/v2\/types\/page"}],"author":[{"embeddable":true,"href":"https:\/\/www.skocznamiasto.pl\/index.php\/wp-json\/wp\/v2\/users\/1"}],"replies":[{"embeddable":true,"href":"https:\/\/www.skocznamiasto.pl\/index.php\/wp-json\/wp\/v2\/comments?post=42"}],"version-history":[{"count":46,"href":"https:\/\/www.skocznamiasto.pl\/index.php\/wp-json\/wp\/v2\/pages\/42\/revisions"}],"predecessor-version":[{"id":844,"href":"https:\/\/www.skocznamiasto.pl\/index.php\/wp-json\/wp\/v2\/pages\/42\/revisions\/844"}],"wp:attachment":[{"href":"https:\/\/www.skocznamiasto.pl\/index.php\/wp-json\/wp\/v2\/media?parent=42"}],"curies":[{"name":"wp","href":"https:\/\/api.w.org\/{rel}","templated":true}]}}