{"id":41,"date":"2025-07-16T14:25:34","date_gmt":"2025-07-16T14:25:34","guid":{"rendered":"https:\/\/www.skocznamiasto.pl\/?page_id=41"},"modified":"2025-07-17T12:30:56","modified_gmt":"2025-07-17T12:30:56","slug":"wywiady","status":"publish","type":"page","link":"https:\/\/www.skocznamiasto.pl\/index.php\/wywiady\/","title":{"rendered":"Wywiady"},"content":{"rendered":"\n<p><\/p>\n\n\n\n<p><\/p>\n\n\n<div class=\"wp-block-image\">\n<figure class=\"aligncenter size-large\"><a href=\"https:\/\/www.skocznamiasto.pl\/index.php\/rozmowa-z-romanem-zurkiem-zalozycielem-kabaretu-neonowka\/\"><img loading=\"lazy\" decoding=\"async\" width=\"1024\" height=\"662\" src=\"https:\/\/www.skocznamiasto.pl\/wp-content\/uploads\/2025\/07\/Rom1-1024x662.jpg\" alt=\"\" class=\"wp-image-85\" srcset=\"https:\/\/www.skocznamiasto.pl\/wp-content\/uploads\/2025\/07\/Rom1-1024x662.jpg 1024w, https:\/\/www.skocznamiasto.pl\/wp-content\/uploads\/2025\/07\/Rom1-300x194.jpg 300w, https:\/\/www.skocznamiasto.pl\/wp-content\/uploads\/2025\/07\/Rom1-768x497.jpg 768w, https:\/\/www.skocznamiasto.pl\/wp-content\/uploads\/2025\/07\/Rom1-1536x993.jpg 1536w, https:\/\/www.skocznamiasto.pl\/wp-content\/uploads\/2025\/07\/Rom1.jpg 1772w\" sizes=\"auto, (max-width: 1024px) 100vw, 1024px\" \/><\/a><\/figure><\/div>\n\n\n<p><\/p>\n\n\n\n<p class=\"has-text-align-center\"><strong><a href=\"https:\/\/www.skocznamiasto.pl\/index.php\/rozmowa-z-romanem-zurkiem-zalozycielem-kabaretu-neonowka\/\">Rozmowa z Romanem \u017burkiem &#8211; za\u0142o\u017cycielem kabaretu Neon\u00f3wka<\/a><\/strong><\/p>\n\n\n\n<p><\/p>\n\n\n<div class=\"wp-block-image\">\n<figure class=\"aligncenter size-large\"><a href=\"https:\/\/www.skocznamiasto.pl\/wp-admin\/post.php?post=80&amp;action=edit\"><img loading=\"lazy\" decoding=\"async\" width=\"1024\" height=\"627\" src=\"https:\/\/www.skocznamiasto.pl\/wp-content\/uploads\/2025\/07\/Gal-33-of-60-2-1024x627.jpg\" alt=\"\" class=\"wp-image-77\" srcset=\"https:\/\/www.skocznamiasto.pl\/wp-content\/uploads\/2025\/07\/Gal-33-of-60-2-1024x627.jpg 1024w, https:\/\/www.skocznamiasto.pl\/wp-content\/uploads\/2025\/07\/Gal-33-of-60-2-300x184.jpg 300w, https:\/\/www.skocznamiasto.pl\/wp-content\/uploads\/2025\/07\/Gal-33-of-60-2-768x470.jpg 768w, https:\/\/www.skocznamiasto.pl\/wp-content\/uploads\/2025\/07\/Gal-33-of-60-2.jpg 1400w\" sizes=\"auto, (max-width: 1024px) 100vw, 1024px\" \/><\/a><\/figure><\/div>\n\n\n<p><\/p>\n\n\n\n<p class=\"has-text-align-center\"><a href=\"https:\/\/www.skocznamiasto.pl\/index.php\/nie-lubie-tracic-czasu-rozmowa-z-pania-grazyna-lobaszewska-gwiazda-iii-edycji-festiwalu-ireny-jarockiej-uhonorowana-nagroda-karminowego-motylateatr-lesny-w-gdansku-5-6-sierpnia\/\" data-type=\"page\" data-id=\"80\"><strong>Rozmowa z Gra\u017cyn\u0105 \u0141obaszewsk\u0105, wokalistk\u0105 i kompozytork\u0105<\/strong><\/a><\/p>\n\n\n\n<p><\/p>\n\n\n<div class=\"wp-block-image\">\n<figure class=\"aligncenter size-large\"><img loading=\"lazy\" decoding=\"async\" width=\"1024\" height=\"780\" src=\"https:\/\/www.skocznamiasto.pl\/wp-content\/uploads\/2025\/07\/2-copy-1024x780.jpg\" alt=\"\" class=\"wp-image-62\" srcset=\"https:\/\/www.skocznamiasto.pl\/wp-content\/uploads\/2025\/07\/2-copy-1024x780.jpg 1024w, https:\/\/www.skocznamiasto.pl\/wp-content\/uploads\/2025\/07\/2-copy-300x229.jpg 300w, https:\/\/www.skocznamiasto.pl\/wp-content\/uploads\/2025\/07\/2-copy-768x585.jpg 768w, https:\/\/www.skocznamiasto.pl\/wp-content\/uploads\/2025\/07\/2-copy-1536x1170.jpg 1536w, https:\/\/www.skocznamiasto.pl\/wp-content\/uploads\/2025\/07\/2-copy.jpg 1772w\" sizes=\"auto, (max-width: 1024px) 100vw, 1024px\" \/><\/figure><\/div>\n\n\n<p><\/p>\n\n\n\n<p><\/p>\n\n\n\n<p class=\"has-text-align-center\"><strong><a href=\"https:\/\/www.skocznamiasto.pl\/index.php\/rozmowa-z-adamem-nowakiem\/\" data-type=\"page\" data-id=\"60\">Rozmowa z Adamem Nowakiem &#8211; liderem zespo\u0142u muzycznego Raz, Dwa, Trzy <\/a><\/strong><\/p>\n\n\n\n<p><\/p>\n\n\n\n<p><\/p>\n\n\n<div class=\"wp-block-image\">\n<figure class=\"aligncenter size-large\"><a href=\"https:\/\/www.skocznamiasto.pl\/index.php\/rozmowa-z-piotrem-zeltem-aktorem\/\"><img loading=\"lazy\" decoding=\"async\" width=\"1024\" height=\"682\" src=\"https:\/\/www.skocznamiasto.pl\/wp-content\/uploads\/2025\/07\/MIS_8667-2-1024x682.jpg\" alt=\"\" class=\"wp-image-71\" srcset=\"https:\/\/www.skocznamiasto.pl\/wp-content\/uploads\/2025\/07\/MIS_8667-2-1024x682.jpg 1024w, https:\/\/www.skocznamiasto.pl\/wp-content\/uploads\/2025\/07\/MIS_8667-2-300x200.jpg 300w, https:\/\/www.skocznamiasto.pl\/wp-content\/uploads\/2025\/07\/MIS_8667-2-768x512.jpg 768w, https:\/\/www.skocznamiasto.pl\/wp-content\/uploads\/2025\/07\/MIS_8667-2-1536x1024.jpg 1536w, https:\/\/www.skocznamiasto.pl\/wp-content\/uploads\/2025\/07\/MIS_8667-2.jpg 1772w\" sizes=\"auto, (max-width: 1024px) 100vw, 1024px\" \/><\/a><\/figure><\/div>\n\n\n<p><\/p>\n\n\n\n<p class=\"has-text-align-center\"><a href=\"https:\/\/www.skocznamiasto.pl\/index.php\/rozmowa-z-piotrem-zeltem-aktorem\/\" data-type=\"page\" data-id=\"74\"><strong>Rozmowa z Piotrem Zeltem z okazji przedstawienia teatralnego &#8222;Go\u0142o i weso\u0142o&#8221;<\/strong><\/a><\/p>\n\n\n\n<p><\/p>\n","protected":false},"excerpt":{"rendered":"<p>Rozmowa z Romanem \u017burkiem &#8211; za\u0142o\u017cycielem kabaretu Neon\u00f3wka Rozmowa z Gra\u017cyn\u0105 \u0141obaszewsk\u0105, wokalistk\u0105 i kompozytork\u0105 Rozmowa z Adamem Nowakiem &#8211; liderem zespo\u0142u muzycznego Raz, Dwa,&hellip; <\/p>\n","protected":false},"author":1,"featured_media":0,"parent":0,"menu_order":0,"comment_status":"closed","ping_status":"closed","template":"page-templates\/photograph-template.php","meta":{"footnotes":""},"class_list":["post-41","page","type-page","status-publish","hentry"],"_links":{"self":[{"href":"https:\/\/www.skocznamiasto.pl\/index.php\/wp-json\/wp\/v2\/pages\/41","targetHints":{"allow":["GET"]}}],"collection":[{"href":"https:\/\/www.skocznamiasto.pl\/index.php\/wp-json\/wp\/v2\/pages"}],"about":[{"href":"https:\/\/www.skocznamiasto.pl\/index.php\/wp-json\/wp\/v2\/types\/page"}],"author":[{"embeddable":true,"href":"https:\/\/www.skocznamiasto.pl\/index.php\/wp-json\/wp\/v2\/users\/1"}],"replies":[{"embeddable":true,"href":"https:\/\/www.skocznamiasto.pl\/index.php\/wp-json\/wp\/v2\/comments?post=41"}],"version-history":[{"count":12,"href":"https:\/\/www.skocznamiasto.pl\/index.php\/wp-json\/wp\/v2\/pages\/41\/revisions"}],"predecessor-version":[{"id":180,"href":"https:\/\/www.skocznamiasto.pl\/index.php\/wp-json\/wp\/v2\/pages\/41\/revisions\/180"}],"wp:attachment":[{"href":"https:\/\/www.skocznamiasto.pl\/index.php\/wp-json\/wp\/v2\/media?parent=41"}],"curies":[{"name":"wp","href":"https:\/\/api.w.org\/{rel}","templated":true}]}}