{"id":409,"date":"2025-08-26T13:46:53","date_gmt":"2025-08-26T13:46:53","guid":{"rendered":"https:\/\/www.skocznamiasto.pl\/?page_id=409"},"modified":"2025-09-14T11:05:23","modified_gmt":"2025-09-14T11:05:23","slug":"sport-3","status":"publish","type":"page","link":"https:\/\/www.skocznamiasto.pl\/index.php\/sport-3\/","title":{"rendered":"Sport"},"content":{"rendered":"\n<p><\/p>\n\n\n<div class=\"wp-block-image\">\n<figure class=\"aligncenter size-large\"><a href=\"https:\/\/www.skocznamiasto.pl\/index.php\/puchar-davisa-polska-wielka-brytania\/\"><img loading=\"lazy\" decoding=\"async\" width=\"1024\" height=\"769\" src=\"https:\/\/www.skocznamiasto.pl\/wp-content\/uploads\/2025\/09\/Galeria-29-of-46-1024x769.jpg\" alt=\"\" class=\"wp-image-746\" srcset=\"https:\/\/www.skocznamiasto.pl\/wp-content\/uploads\/2025\/09\/Galeria-29-of-46-1024x769.jpg 1024w, https:\/\/www.skocznamiasto.pl\/wp-content\/uploads\/2025\/09\/Galeria-29-of-46-300x225.jpg 300w, https:\/\/www.skocznamiasto.pl\/wp-content\/uploads\/2025\/09\/Galeria-29-of-46-768x577.jpg 768w, https:\/\/www.skocznamiasto.pl\/wp-content\/uploads\/2025\/09\/Galeria-29-of-46-1536x1154.jpg 1536w, https:\/\/www.skocznamiasto.pl\/wp-content\/uploads\/2025\/09\/Galeria-29-of-46.jpg 1700w\" sizes=\"auto, (max-width: 1024px) 100vw, 1024px\" \/><\/a><\/figure><\/div>\n\n\n<p><\/p>\n\n\n\n<p class=\"has-text-align-center has-large-font-size\"><strong><a href=\"https:\/\/www.skocznamiasto.pl\/index.php\/puchar-davisa-polska-wielka-brytania\/\" data-type=\"page\" data-id=\"766\">Mecz o Puchar Davisa Polska &#8211; Wielka Brytania 1:3<\/a><\/strong><\/p>\n\n\n<div class=\"wp-block-image\">\n<figure class=\"aligncenter size-large\"><a href=\"https:\/\/www.skocznamiasto.pl\/index.php\/lechia-gdansk-gks-katowice\/\"><img loading=\"lazy\" decoding=\"async\" width=\"1024\" height=\"723\" src=\"https:\/\/www.skocznamiasto.pl\/wp-content\/uploads\/2025\/09\/Galeria-12-of-40-1024x723.jpg\" alt=\"\" class=\"wp-image-674\" srcset=\"https:\/\/www.skocznamiasto.pl\/wp-content\/uploads\/2025\/09\/Galeria-12-of-40-1024x723.jpg 1024w, https:\/\/www.skocznamiasto.pl\/wp-content\/uploads\/2025\/09\/Galeria-12-of-40-300x212.jpg 300w, https:\/\/www.skocznamiasto.pl\/wp-content\/uploads\/2025\/09\/Galeria-12-of-40-768x543.jpg 768w, https:\/\/www.skocznamiasto.pl\/wp-content\/uploads\/2025\/09\/Galeria-12-of-40-1536x1085.jpg 1536w, https:\/\/www.skocznamiasto.pl\/wp-content\/uploads\/2025\/09\/Galeria-12-of-40.jpg 1700w\" sizes=\"auto, (max-width: 1024px) 100vw, 1024px\" \/><\/a><\/figure><\/div>\n\n\n<p><\/p>\n\n\n\n<p class=\"has-text-align-center has-large-font-size\"><strong><a href=\"https:\/\/www.skocznamiasto.pl\/index.php\/lechia-gdansk-gks-katowice\/\" data-type=\"page\" data-id=\"707\">Lechia Gda\u0144sk &#8211; GKS Katowice 2:0<\/a><\/strong><\/p>\n\n\n\n<p><\/p>\n\n\n\n<p><\/p>\n\n\n<div class=\"wp-block-image\">\n<figure class=\"aligncenter size-large\"><a href=\"https:\/\/www.skocznamiasto.pl\/index.php\/polfinal-krajowej-ligi-zuzlowej\/\"><img loading=\"lazy\" decoding=\"async\" width=\"1024\" height=\"671\" src=\"https:\/\/www.skocznamiasto.pl\/wp-content\/uploads\/2025\/09\/Galeria-38-of-52-1024x671.jpg\" alt=\"\" class=\"wp-image-603\" srcset=\"https:\/\/www.skocznamiasto.pl\/wp-content\/uploads\/2025\/09\/Galeria-38-of-52-1024x671.jpg 1024w, https:\/\/www.skocznamiasto.pl\/wp-content\/uploads\/2025\/09\/Galeria-38-of-52-300x197.jpg 300w, https:\/\/www.skocznamiasto.pl\/wp-content\/uploads\/2025\/09\/Galeria-38-of-52-768x503.jpg 768w, https:\/\/www.skocznamiasto.pl\/wp-content\/uploads\/2025\/09\/Galeria-38-of-52-1536x1007.jpg 1536w, https:\/\/www.skocznamiasto.pl\/wp-content\/uploads\/2025\/09\/Galeria-38-of-52.jpg 1700w\" sizes=\"auto, (max-width: 1024px) 100vw, 1024px\" \/><\/a><\/figure><\/div>\n\n\n<p><\/p>\n\n\n\n<p class=\"has-text-align-center has-large-font-size\"><strong><a href=\"https:\/\/www.skocznamiasto.pl\/index.php\/polfinal-krajowej-ligi-zuzlowej\/\">Wybrze\u017ce Gda\u0144sk w finale Krajowej Ligi \u017bu\u017clowej <\/a><\/strong><\/p>\n\n\n<div class=\"wp-block-image\">\n<figure class=\"aligncenter size-large\"><a href=\"https:\/\/www.skocznamiasto.pl\/index.php\/lechia-gdansk-arka-gdynia-10\/\"><img loading=\"lazy\" decoding=\"async\" width=\"1024\" height=\"676\" src=\"https:\/\/www.skocznamiasto.pl\/wp-content\/uploads\/2025\/08\/stadion-1024x676.jpg\" alt=\"\" class=\"wp-image-413\" srcset=\"https:\/\/www.skocznamiasto.pl\/wp-content\/uploads\/2025\/08\/stadion-1024x676.jpg 1024w, https:\/\/www.skocznamiasto.pl\/wp-content\/uploads\/2025\/08\/stadion-300x198.jpg 300w, https:\/\/www.skocznamiasto.pl\/wp-content\/uploads\/2025\/08\/stadion-768x507.jpg 768w, https:\/\/www.skocznamiasto.pl\/wp-content\/uploads\/2025\/08\/stadion-1536x1014.jpg 1536w, https:\/\/www.skocznamiasto.pl\/wp-content\/uploads\/2025\/08\/stadion.jpg 1800w\" sizes=\"auto, (max-width: 1024px) 100vw, 1024px\" \/><\/a><\/figure><\/div>\n\n\n<p class=\"has-text-align-center has-large-font-size\"><a href=\"https:\/\/www.skocznamiasto.pl\/index.php\/lechia-gdansk-arka-gdynia-10\/\"><strong>Pi\u0142karskie Derby Tr\u00f3jmiasta Lechia Gda\u0144sk &#8211; Arka Gdynia 1 : 0<\/strong><\/a><\/p>\n\n\n\n<p><\/p>\n","protected":false},"excerpt":{"rendered":"<p>Mecz o Puchar Davisa Polska &#8211; Wielka Brytania 1:3 Lechia Gda\u0144sk &#8211; GKS Katowice 2:0 Wybrze\u017ce Gda\u0144sk w finale Krajowej Ligi \u017bu\u017clowej Pi\u0142karskie Derby Tr\u00f3jmiasta&hellip; <\/p>\n","protected":false},"author":1,"featured_media":0,"parent":0,"menu_order":0,"comment_status":"closed","ping_status":"closed","template":"page-templates\/photograph-template.php","meta":{"footnotes":""},"class_list":["post-409","page","type-page","status-publish","hentry"],"_links":{"self":[{"href":"https:\/\/www.skocznamiasto.pl\/index.php\/wp-json\/wp\/v2\/pages\/409","targetHints":{"allow":["GET"]}}],"collection":[{"href":"https:\/\/www.skocznamiasto.pl\/index.php\/wp-json\/wp\/v2\/pages"}],"about":[{"href":"https:\/\/www.skocznamiasto.pl\/index.php\/wp-json\/wp\/v2\/types\/page"}],"author":[{"embeddable":true,"href":"https:\/\/www.skocznamiasto.pl\/index.php\/wp-json\/wp\/v2\/users\/1"}],"replies":[{"embeddable":true,"href":"https:\/\/www.skocznamiasto.pl\/index.php\/wp-json\/wp\/v2\/comments?post=409"}],"version-history":[{"count":12,"href":"https:\/\/www.skocznamiasto.pl\/index.php\/wp-json\/wp\/v2\/pages\/409\/revisions"}],"predecessor-version":[{"id":768,"href":"https:\/\/www.skocznamiasto.pl\/index.php\/wp-json\/wp\/v2\/pages\/409\/revisions\/768"}],"wp:attachment":[{"href":"https:\/\/www.skocznamiasto.pl\/index.php\/wp-json\/wp\/v2\/media?parent=409"}],"curies":[{"name":"wp","href":"https:\/\/api.w.org\/{rel}","templated":true}]}}