{"id":356,"date":"2025-08-09T07:00:53","date_gmt":"2025-08-09T07:00:53","guid":{"rendered":"https:\/\/www.skocznamiasto.pl\/?page_id=356"},"modified":"2025-10-14T04:47:31","modified_gmt":"2025-10-14T04:47:31","slug":"kultura-2","status":"publish","type":"page","link":"https:\/\/www.skocznamiasto.pl\/index.php\/kultura-2\/","title":{"rendered":"Kultura"},"content":{"rendered":"\n<p><\/p>\n\n\n<div class=\"wp-block-image\">\n<figure class=\"aligncenter size-large\"><a href=\"https:\/\/www.skocznamiasto.pl\/index.php\/alfredo-rodriguez-trio\/\"><img loading=\"lazy\" decoding=\"async\" width=\"1024\" height=\"577\" src=\"https:\/\/www.skocznamiasto.pl\/wp-content\/uploads\/2025\/10\/Galeria-72-of-75-1024x577.jpg\" alt=\"\" class=\"wp-image-1121\" srcset=\"https:\/\/www.skocznamiasto.pl\/wp-content\/uploads\/2025\/10\/Galeria-72-of-75-1024x577.jpg 1024w, https:\/\/www.skocznamiasto.pl\/wp-content\/uploads\/2025\/10\/Galeria-72-of-75-300x169.jpg 300w, https:\/\/www.skocznamiasto.pl\/wp-content\/uploads\/2025\/10\/Galeria-72-of-75-768x433.jpg 768w, https:\/\/www.skocznamiasto.pl\/wp-content\/uploads\/2025\/10\/Galeria-72-of-75.jpg 1200w\" sizes=\"auto, (max-width: 1024px) 100vw, 1024px\" \/><\/a><\/figure><\/div>\n\n\n<p><\/p>\n\n\n\n<p class=\"has-text-align-center has-large-font-size\"><strong><a href=\"https:\/\/www.skocznamiasto.pl\/index.php\/alfredo-rodriguez-trio\/\" data-type=\"page\" data-id=\"1046\">Sopot Jazz Festival 2025 &#8211; Alfredo Rodriguez Trio <\/a><\/strong><\/p>\n\n\n<div class=\"wp-block-image\">\n<figure class=\"aligncenter size-large\"><a href=\"https:\/\/www.skocznamiasto.pl\/index.php\/aga-zaryan-quintet\/\"><img loading=\"lazy\" decoding=\"async\" width=\"1024\" height=\"734\" src=\"https:\/\/www.skocznamiasto.pl\/wp-content\/uploads\/2025\/10\/Galeria-41-of-60-1024x734.jpg\" alt=\"\" class=\"wp-image-1040\" srcset=\"https:\/\/www.skocznamiasto.pl\/wp-content\/uploads\/2025\/10\/Galeria-41-of-60-1024x734.jpg 1024w, https:\/\/www.skocznamiasto.pl\/wp-content\/uploads\/2025\/10\/Galeria-41-of-60-300x215.jpg 300w, https:\/\/www.skocznamiasto.pl\/wp-content\/uploads\/2025\/10\/Galeria-41-of-60-768x550.jpg 768w, https:\/\/www.skocznamiasto.pl\/wp-content\/uploads\/2025\/10\/Galeria-41-of-60-1536x1100.jpg 1536w, https:\/\/www.skocznamiasto.pl\/wp-content\/uploads\/2025\/10\/Galeria-41-of-60.jpg 1700w\" sizes=\"auto, (max-width: 1024px) 100vw, 1024px\" \/><\/a><\/figure><\/div>\n\n\n<p><\/p>\n\n\n\n<p class=\"has-text-align-center has-large-font-size\"><strong><a href=\"https:\/\/www.skocznamiasto.pl\/index.php\/aga-zaryan-quintet\/\" data-type=\"page\" data-id=\"1179\">Sopot Jazz Festival 2025 &#8211; Aga Zaryan Quintet<\/a><\/strong><\/p>\n\n\n<div class=\"wp-block-image\">\n<figure class=\"aligncenter size-large\"><a href=\"https:\/\/www.skocznamiasto.pl\/index.php\/koncert-munir-hossn-elas\/\"><img loading=\"lazy\" decoding=\"async\" width=\"1024\" height=\"682\" src=\"https:\/\/www.skocznamiasto.pl\/wp-content\/uploads\/2025\/10\/Galeria-12-of-91-1024x682.jpg\" alt=\"\" class=\"wp-image-940\" srcset=\"https:\/\/www.skocznamiasto.pl\/wp-content\/uploads\/2025\/10\/Galeria-12-of-91-1024x682.jpg 1024w, https:\/\/www.skocznamiasto.pl\/wp-content\/uploads\/2025\/10\/Galeria-12-of-91-300x200.jpg 300w, https:\/\/www.skocznamiasto.pl\/wp-content\/uploads\/2025\/10\/Galeria-12-of-91-768x512.jpg 768w, https:\/\/www.skocznamiasto.pl\/wp-content\/uploads\/2025\/10\/Galeria-12-of-91-1536x1024.jpg 1536w, https:\/\/www.skocznamiasto.pl\/wp-content\/uploads\/2025\/10\/Galeria-12-of-91.jpg 1700w\" sizes=\"auto, (max-width: 1024px) 100vw, 1024px\" \/><\/a><\/figure><\/div>\n\n\n<p><\/p>\n\n\n\n<p class=\"has-text-align-center has-large-font-size\"><strong><a href=\"https:\/\/www.skocznamiasto.pl\/index.php\/koncert-munir-hossn-elas\/\"> Sopot Jazz Festival 2025 &#8211; koncert Munir Hossn &amp; Elas<\/a><\/strong><\/p>\n\n\n<div class=\"wp-block-image\">\n<figure class=\"aligncenter size-large\"><a href=\"https:\/\/www.skocznamiasto.pl\/index.php\/koncert-simin-tander\/\"><img loading=\"lazy\" decoding=\"async\" width=\"1024\" height=\"536\" src=\"https:\/\/www.skocznamiasto.pl\/wp-content\/uploads\/2025\/10\/Galeria-67-of-80-1024x536.jpg\" alt=\"\" class=\"wp-image-852\" srcset=\"https:\/\/www.skocznamiasto.pl\/wp-content\/uploads\/2025\/10\/Galeria-67-of-80-1024x536.jpg 1024w, https:\/\/www.skocznamiasto.pl\/wp-content\/uploads\/2025\/10\/Galeria-67-of-80-300x157.jpg 300w, https:\/\/www.skocznamiasto.pl\/wp-content\/uploads\/2025\/10\/Galeria-67-of-80-768x402.jpg 768w, https:\/\/www.skocznamiasto.pl\/wp-content\/uploads\/2025\/10\/Galeria-67-of-80-1536x804.jpg 1536w, https:\/\/www.skocznamiasto.pl\/wp-content\/uploads\/2025\/10\/Galeria-67-of-80.jpg 1700w\" sizes=\"auto, (max-width: 1024px) 100vw, 1024px\" \/><\/a><\/figure><\/div>\n\n\n<p class=\"has-text-align-center has-large-font-size\"><strong><a href=\"https:\/\/www.skocznamiasto.pl\/index.php\/koncert-simin-tander\/\">Sopot Jazz Festival 2025 &#8211; koncert Simin Tander<\/a><\/strong><\/p>\n\n\n\n<p><\/p>\n\n\n\n<p><\/p>\n\n\n<div class=\"wp-block-image\">\n<figure class=\"aligncenter size-large\"><a href=\"https:\/\/www.skocznamiasto.pl\/index.php\/koncert-nasza-solidarnosc\/\"><img loading=\"lazy\" decoding=\"async\" width=\"1024\" height=\"683\" src=\"https:\/\/www.skocznamiasto.pl\/wp-content\/uploads\/2025\/08\/GAL-3-of-55-1024x683.jpg\" alt=\"\" class=\"wp-image-520\" srcset=\"https:\/\/www.skocznamiasto.pl\/wp-content\/uploads\/2025\/08\/GAL-3-of-55-1024x683.jpg 1024w, https:\/\/www.skocznamiasto.pl\/wp-content\/uploads\/2025\/08\/GAL-3-of-55-300x200.jpg 300w, https:\/\/www.skocznamiasto.pl\/wp-content\/uploads\/2025\/08\/GAL-3-of-55-768x512.jpg 768w, https:\/\/www.skocznamiasto.pl\/wp-content\/uploads\/2025\/08\/GAL-3-of-55-1536x1024.jpg 1536w, https:\/\/www.skocznamiasto.pl\/wp-content\/uploads\/2025\/08\/GAL-3-of-55.jpg 1800w\" sizes=\"auto, (max-width: 1024px) 100vw, 1024px\" \/><\/a><\/figure><\/div>\n\n\n<p><\/p>\n\n\n\n<p class=\"has-text-align-center has-large-font-size\"><strong><a href=\"https:\/\/www.skocznamiasto.pl\/index.php\/koncert-nasza-solidarnosc\/\">\u201eNasza Solidarno\u015b\u0107. A&nbsp;to nam si\u0119 uda\u0142o!\u201d \u2013 koncert <\/a><\/strong><\/p>\n\n\n\n<p><\/p>\n\n\n<div class=\"wp-block-image\">\n<figure class=\"aligncenter size-large\"><a href=\"https:\/\/www.skocznamiasto.pl\/index.php\/koncert-ayo\/\"><img loading=\"lazy\" decoding=\"async\" width=\"1024\" height=\"667\" src=\"https:\/\/www.skocznamiasto.pl\/wp-content\/uploads\/2025\/09\/Titel-1024x667.jpg\" alt=\"\" class=\"wp-image-820\" srcset=\"https:\/\/www.skocznamiasto.pl\/wp-content\/uploads\/2025\/09\/Titel-1024x667.jpg 1024w, https:\/\/www.skocznamiasto.pl\/wp-content\/uploads\/2025\/09\/Titel-300x195.jpg 300w, https:\/\/www.skocznamiasto.pl\/wp-content\/uploads\/2025\/09\/Titel-768x500.jpg 768w, https:\/\/www.skocznamiasto.pl\/wp-content\/uploads\/2025\/09\/Titel-1536x1000.jpg 1536w, https:\/\/www.skocznamiasto.pl\/wp-content\/uploads\/2025\/09\/Titel.jpg 1800w\" sizes=\"auto, (max-width: 1024px) 100vw, 1024px\" \/><\/a><\/figure><\/div>\n\n\n<p><\/p>\n\n\n\n<p><\/p>\n\n\n\n<p class=\"has-text-align-center has-large-font-size\"><strong><a href=\"https:\/\/www.skocznamiasto.pl\/index.php\/koncert-ayo\/\" data-type=\"page\" data-id=\"777\">Koncert AYO podczas Energa Ladies`Jazz Festival Gdynia 2025<\/a><\/strong><\/p>\n\n\n\n<p><\/p>\n\n\n\n<p><\/p>\n\n\n\n<p><\/p>\n\n\n\n<p class=\"has-text-align-center\"><\/p>\n\n\n\n<p><\/p>\n\n\n<div class=\"wp-block-image\">\n<figure class=\"aligncenter size-large\"><a href=\"https:\/\/www.skocznamiasto.pl\/index.php\/ewa-bem\/\"><img loading=\"lazy\" decoding=\"async\" width=\"1024\" height=\"626\" src=\"https:\/\/www.skocznamiasto.pl\/wp-content\/uploads\/2025\/08\/Galeria-4-of-38-1024x626.jpg\" alt=\"\" class=\"wp-image-469\" srcset=\"https:\/\/www.skocznamiasto.pl\/wp-content\/uploads\/2025\/08\/Galeria-4-of-38-1024x626.jpg 1024w, https:\/\/www.skocznamiasto.pl\/wp-content\/uploads\/2025\/08\/Galeria-4-of-38-300x183.jpg 300w, https:\/\/www.skocznamiasto.pl\/wp-content\/uploads\/2025\/08\/Galeria-4-of-38-768x469.jpg 768w, https:\/\/www.skocznamiasto.pl\/wp-content\/uploads\/2025\/08\/Galeria-4-of-38-1536x939.jpg 1536w, https:\/\/www.skocznamiasto.pl\/wp-content\/uploads\/2025\/08\/Galeria-4-of-38.jpg 1700w\" sizes=\"auto, (max-width: 1024px) 100vw, 1024px\" \/><\/a><\/figure><\/div>\n\n\n<p><\/p>\n\n\n\n<p class=\"has-text-align-center has-large-font-size\"><strong><a href=\"https:\/\/www.skocznamiasto.pl\/index.php\/ewa-bem\/\" data-type=\"page\" data-id=\"504\">Koncert Ewy Bem podczas Energa Ladies`Jazz Festival Gdynia 2025<\/a><\/strong><\/p>\n\n\n\n<p><\/p>\n\n\n<div class=\"wp-block-image\">\n<figure class=\"aligncenter size-large\"><a href=\"https:\/\/www.skocznamiasto.pl\/index.php\/koncert-katie-melua\/\"><img loading=\"lazy\" decoding=\"async\" width=\"1024\" height=\"682\" src=\"https:\/\/www.skocznamiasto.pl\/wp-content\/uploads\/2025\/08\/czol-1024x682.jpg\" alt=\"\" class=\"wp-image-360\" srcset=\"https:\/\/www.skocznamiasto.pl\/wp-content\/uploads\/2025\/08\/czol-1024x682.jpg 1024w, https:\/\/www.skocznamiasto.pl\/wp-content\/uploads\/2025\/08\/czol-300x200.jpg 300w, https:\/\/www.skocznamiasto.pl\/wp-content\/uploads\/2025\/08\/czol-768x512.jpg 768w, https:\/\/www.skocznamiasto.pl\/wp-content\/uploads\/2025\/08\/czol-1536x1024.jpg 1536w, https:\/\/www.skocznamiasto.pl\/wp-content\/uploads\/2025\/08\/czol.jpg 1772w\" sizes=\"auto, (max-width: 1024px) 100vw, 1024px\" \/><\/a><\/figure><\/div>\n\n\n<p><\/p>\n\n\n\n<p class=\"has-text-align-center has-large-font-size\"><a href=\"https:\/\/www.skocznamiasto.pl\/index.php\/koncert-katie-melua\/\"><strong>Koncert Katie Melua w Polsat Plus Arenie Gdynia<\/strong><\/a><\/p>\n\n\n\n<p><\/p>\n","protected":false},"excerpt":{"rendered":"<p>Sopot Jazz Festival 2025 &#8211; Alfredo Rodriguez Trio Sopot Jazz Festival 2025 &#8211; Aga Zaryan Quintet Sopot Jazz Festival 2025 &#8211; koncert Munir Hossn &amp;&hellip; <\/p>\n","protected":false},"author":1,"featured_media":0,"parent":0,"menu_order":0,"comment_status":"closed","ping_status":"closed","template":"page-templates\/photograph-template.php","meta":{"footnotes":""},"class_list":["post-356","page","type-page","status-publish","hentry"],"_links":{"self":[{"href":"https:\/\/www.skocznamiasto.pl\/index.php\/wp-json\/wp\/v2\/pages\/356","targetHints":{"allow":["GET"]}}],"collection":[{"href":"https:\/\/www.skocznamiasto.pl\/index.php\/wp-json\/wp\/v2\/pages"}],"about":[{"href":"https:\/\/www.skocznamiasto.pl\/index.php\/wp-json\/wp\/v2\/types\/page"}],"author":[{"embeddable":true,"href":"https:\/\/www.skocznamiasto.pl\/index.php\/wp-json\/wp\/v2\/users\/1"}],"replies":[{"embeddable":true,"href":"https:\/\/www.skocznamiasto.pl\/index.php\/wp-json\/wp\/v2\/comments?post=356"}],"version-history":[{"count":33,"href":"https:\/\/www.skocznamiasto.pl\/index.php\/wp-json\/wp\/v2\/pages\/356\/revisions"}],"predecessor-version":[{"id":1181,"href":"https:\/\/www.skocznamiasto.pl\/index.php\/wp-json\/wp\/v2\/pages\/356\/revisions\/1181"}],"wp:attachment":[{"href":"https:\/\/www.skocznamiasto.pl\/index.php\/wp-json\/wp\/v2\/media?parent=356"}],"curies":[{"name":"wp","href":"https:\/\/api.w.org\/{rel}","templated":true}]}}